{"id":96,"date":"2023-12-28T11:56:54","date_gmt":"2023-12-28T11:56:54","guid":{"rendered":"https:\/\/clinicaalbia.es\/?page_id=96"},"modified":"2024-10-08T17:29:25","modified_gmt":"2024-10-08T17:29:25","slug":"politica-privacidad","status":"publish","type":"page","link":"https:\/\/clinicaalbia.es\/en\/politica-privacidad\/","title":{"rendered":"Pol\u00edtica de Privacidad"},"content":{"rendered":"\n<h2 class=\"wp-block-heading has-text-align-center\">Pol\u00edtica de Privacidad<\/h2>\n\n\n\n<p><strong>CLINICA CAPILAR ALBIA, S.L.<\/strong>&nbsp;&nbsp;se encuentra profundamente comprometido con el cumplimiento de la Legislaci\u00f3n Espa\u00f1ola y Europea aplicable a la protecci\u00f3n de datos de car\u00e1cter personal, y garantiza el cumplimiento \u00edntegro de las obligaciones dispuestas, as\u00ed como la implementaci\u00f3n de las medidas de seguridad dispuestas en la Ley 3\/2018, de Protecci\u00f3n de Datos Personales y en el Reglamento General de Protecci\u00f3n de Datos (RGPD) de la uni\u00f3n Europea 2016\/679.<\/p>\n\n\n\n<p><strong>CLINICA CAPILAR ALBIA, S.L.<\/strong>&nbsp; pone a disposici\u00f3n de los usuarios la presente Pol\u00edtica de Privacidad de la entidad para el tratamiento de datos personales, informando a los mismos respecto a los siguientes aspectos:<\/p>\n\n\n\n<ul class=\"wp-block-list\">\n<li>Identidad y Datos de Contacto del Responsable del tratamiento.<\/li>\n\n\n\n<li>Datos tratados,&nbsp; sus fines y plazos o criterios de conservaci\u00f3n de los mismos.<\/li>\n\n\n\n<li>Base jur\u00eddica del tratamiento.<\/li>\n\n\n\n<li>Los destinatarios de sus datos personales.<\/li>\n\n\n\n<li>Sobre los derechos que asisten a todo usuario y el procedimiento para ejercitarlos.<\/li>\n<\/ul>\n\n\n\n<ol class=\"wp-block-list\">\n<li><strong><u>RESPONSABLE DE TRATAMIENTO.<\/u><\/strong><\/li>\n<\/ol>\n\n\n\n<p>Identidad: CLINICA CAPILAR ALBIA, S.L.<\/p>\n\n\n\n<p>NIF: B56807621<\/p>\n\n\n\n<p>Direcci\u00f3n Postal: RAMPAS DE URIBITARTE 2, 48001 BILBAO, BIZKAIA.<\/p>\n\n\n\n<p>Tel\u00e9fono de contacto: 616992999<\/p>\n\n\n\n<p>Correo electr\u00f3nico de contacto: info@clinicaalbia.es<\/p>\n\n\n\n<ol class=\"wp-block-list\" start=\"2\">\n<li><strong><u>TRATAMIENTOS DE DATOS PERSONALES.<\/u><\/strong><\/li>\n<\/ol>\n\n\n\n<p><strong><u>Tratamientos de Datos personales del colectivo de Clientes \/ Pacientes.<\/u><\/strong><\/p>\n\n\n\n<p><strong>&nbsp; &nbsp; &nbsp; &nbsp; &nbsp;I. \u00bfCon qu\u00e9 finalidad tratamos sus datos personales?<\/strong><\/p>\n\n\n\n<p>En <strong>CLINICA CAPILAR ALBIA, S.L.<\/strong>&nbsp;tratamos la informaci\u00f3n que nos facilitan sus clientes y usuarios con las siguientes finalidades:<\/p>\n\n\n\n<ul class=\"wp-block-list\">\n<li><strong>Gesti\u00f3n y Administraci\u00f3n de los servicios contratados<\/strong>. La gesti\u00f3n y la administraci\u00f3n econ\u00f3mica, fiscal y contable de la relaci\u00f3n mantenida para la prestaci\u00f3n de servicios.<\/li>\n\n\n\n<li>Dar respuesta a sus&nbsp;<strong>consultas<\/strong>,&nbsp;<strong>atender<\/strong>&nbsp;y&nbsp;<strong>prestar&nbsp;<\/strong>los servicios m\u00e9dicos&nbsp;fruto de nuestra actividad profesional.<\/li>\n<\/ul>\n\n\n\n<p>Si visita nuestras instalaciones, llevar el<strong>&nbsp;control de accesos&nbsp;<\/strong>con fines de seguridad.<\/p>\n\n\n\n<ul class=\"wp-block-list\">\n<li><strong>Realizaci\u00f3n de Env\u00edos Comerciales<\/strong>. En caso de que lo haya consentido, la realizaci\u00f3n de acciones comerciales, de promoci\u00f3n y\/o marketing por cualquier medio (incluidos los electr\u00f3nicos, que expresamente consiente), relacionadas con nuestros servicios y actividades profesionales.<\/li>\n<\/ul>\n\n\n\n<p><strong>&nbsp; &nbsp; &nbsp; &nbsp; II. Legitimaci\u00f3n<\/strong><\/p>\n\n\n\n<p>Basamos este tratamiento de sus datos personales, incluidos los datos de salud, en su consentimiento expl\u00edcito, en su necesidad para la prestaci\u00f3n de nuestros servicios y en el cumplimiento de una obligaci\u00f3n legal.<\/p>\n\n\n\n<p><strong>&nbsp; &nbsp; &nbsp; &nbsp;III. Destinatarios<\/strong><\/p>\n\n\n\n<ul class=\"wp-block-list\">\n<li>Sus datos se comunicar\u00e1n a Administraciones p\u00fablicas competentes, tales como el Ministerio de Sanidad o autoridades competentes de acuerdo con la Ley General de Sanidad 14\/198 y la Ley Auton\u00f3mica de Sanidad, necesarias para la prestaci\u00f3n del servicio.<\/li>\n\n\n\n<li>En el supuesto de que nos haya su consentimiento, a los profesionales de servicios m\u00e9dicos con los que CLINICA CAPILAR ALBIA, S.L. mantiene acuerdos de colaboraci\u00f3n con el fin de prestarle los servicios m\u00e9dicos solicitados.<\/li>\n<\/ul>\n\n\n\n<p>A la Agencia Tributaria.<\/p>\n\n\n\n<ul class=\"wp-block-list\">\n<li>Si procede a Entidades Bancarias para la gesti\u00f3n de los importes econ\u00f3micos derivados de la prestaci\u00f3n del servicio.<\/li>\n<\/ul>\n\n\n\n<p><strong>&nbsp; &nbsp; &nbsp; &nbsp; IV. \u00bfPor cu\u00e1nto tiempo conservaremos sus datos?<\/strong><\/p>\n\n\n\n<p>Los datos personales proporcionados se conservar\u00e1n, mientras sean necesario para la prestaci\u00f3n del servicio. A su finalizaci\u00f3n los datos ser\u00e1n conservados por obligaci\u00f3n legal.<\/p>\n\n\n\n<p>Por \u00faltimo, y siempre que hubiera proporcionado su consentimiento para esta finalidad, <strong>CLINICA CAPILAR ALBIA, S.L.<\/strong>&nbsp; conservar\u00e1 sus datos con el fin de mantenerle al d\u00eda de los productos, actividades y servicios que pudieran resultar de su inter\u00e9s.<\/p>\n\n\n\n<p><strong><u>Tratamientos de Datos Personales Procedentes del formulario Contacto web.<\/u><\/strong><\/p>\n\n\n\n<p><strong>&nbsp; &nbsp; &nbsp; &nbsp; &nbsp; I. \u00bfCon qu\u00e9 finalidad tratamos sus datos personales?<\/strong><\/p>\n\n\n\n<p>En <strong>CLINICA CAPILAR ALBIA, S.L.<\/strong>&nbsp;tratamos la informaci\u00f3n recibida por medio de estos formularios, con el fin de atender las consultas (incluyendo consultas m\u00e9dicas) que nos pueda plantear, gestionar su reclamaci\u00f3n, o en caso de que lo solicite, el env\u00edo de informaciones comerciales.<\/p>\n\n\n\n<p><strong>Realizaci\u00f3n de Env\u00edos Comerciales<\/strong>. En caso de que lo haya consentido, la realizaci\u00f3n de acciones comerciales, de promoci\u00f3n y\/o marketing por cualquier medio (incluidos los electr\u00f3nicos, que expresamente consiente), relacionadas con nuestros servicios y actividades profesionales.<\/p>\n\n\n\n<p><strong>&nbsp; &nbsp; &nbsp; &nbsp; &nbsp; &nbsp;II. Legitimaci\u00f3n<\/strong><\/p>\n\n\n\n<p>La base legal para el tratamiento es el consentimiento expreso del interesado al aceptar la presente pol\u00edtica de privacidad.<\/p>\n\n\n\n<p><strong>&nbsp; &nbsp; &nbsp; &nbsp; &nbsp; III. Destinatarios<\/strong><\/p>\n\n\n\n<p>No se ceder\u00e1n datos a terceros salvo obligaci\u00f3n legal y no se prev\u00e9n trasferencias internacionales de datos.<\/p>\n\n\n\n<p><strong>&nbsp; &nbsp; &nbsp; &nbsp; &nbsp; IV. \u00bfPor cu\u00e1nto tiempo conservaremos sus datos?<\/strong><\/p>\n\n\n\n<p>Conservaremos los datos el tiempo necesario para atender las consultas, demanda de informaci\u00f3n y reclamaciones.<\/p>\n\n\n\n<p>Por \u00faltimo, y siempre que hubiera proporcionado su consentimiento para esta finalidad, <strong>CLINICA CAPILAR ALBIA, S.L.<\/strong>&nbsp; conservar\u00e1 sus datos con el fin de mantenerle al d\u00eda de nuestros servicios y actividades que pudieran resultar de su inter\u00e9s.<\/p>\n\n\n\n<ol class=\"wp-block-list\" start=\"3\">\n<li><strong><u>\u00bfDECISIONES AUTOMATIZADAS, PERFILES Y L\u00d3GICA APLICADA?<\/u><\/strong><\/li>\n<\/ol>\n\n\n\n<p>No se prev\u00e9 el tratamiento en ning\u00fan momento, basado en decisiones automatizadas.<\/p>\n\n\n\n<ol class=\"wp-block-list\" start=\"4\">\n<li><strong><u>DERECHOS<\/u><\/strong><\/li>\n<\/ol>\n\n\n\n<ul class=\"wp-block-list\">\n<li><strong><em>\u00bfCu\u00e1les son sus derechos cuando nos facilita sus datos?<\/em><\/strong><\/li>\n<\/ul>\n\n\n\n<p>Cualquier persona tiene derecho a obtener confirmaci\u00f3n sobre si en <strong>CLINICA CAPILAR ALBIA, S.L.<\/strong>&nbsp;estamos tratando datos personales que les conciernan, o no.<\/p>\n\n\n\n<p>Asimismo, tal y como prev\u00e9 el Reglamento General de Protecci\u00f3n de Datos, le informamos que usted tiene los siguientes derechos:<\/p>\n\n\n\n<ul class=\"wp-block-list\">\n<li>Acceder a sus datos:&nbsp;tiene derecho a acceder a sus datos para conocer qu\u00e9 datos personales estamos tratando que le conciernen.<\/li>\n\n\n\n<li>Solicitar la rectificaci\u00f3n o supresi\u00f3n de sus datos:&nbsp;En determinadas circunstancias, Ud. tiene derecho a rectificar aquellos datos personales inexactos que le conciernen que sean objeto de tratamiento por nuestra parte o, incluso, a solicitarnos su supresi\u00f3n cuando, entre otros motivos, los datos ya no fueran necesarios para los fines que fueron recogidos.<\/li>\n\n\n\n<li>Solicitar la limitaci\u00f3n del tratamiento de sus datos:&nbsp;En determinadas circunstancias, Ud. tendr\u00e1 derecho a solicitarnos la limitaci\u00f3n del tratamiento de sus datos, en cuyo caso le informamos que \u00fanicamente los conservaremos para el ejercicio o defensa de reclamaciones tal y como prev\u00e9 el Reglamento General de Protecci\u00f3n de Datos.<\/li>\n\n\n\n<li>A la portabilidad de sus datos:&nbsp;En determinadas circunstancias, Ud. tendr\u00e1 derecho a recibir los datos personales que le incumban, y que nos haya facilitado, en un formato estructurado, de uso com\u00fan y lectura mec\u00e1nica, y a transmitirlos a otro responsable del tratamiento.<\/li>\n\n\n\n<li>Oponerse al tratamiento de sus datos:&nbsp;En determinadas circunstancias y por motivos relacionados con su situaci\u00f3n particular, Ud. tendr\u00e1 derecho a oponerse al tratamiento de sus datos en cuyo caso, dejar\u00edamos de tratarlos salvo que por motivos leg\u00edtimos imperiosos, o el ejercicio o la defensa de posibles reclamaciones.<\/li>\n<\/ul>\n\n\n\n<ul class=\"wp-block-list\">\n<li><strong><em>\u00bfCu\u00e1ndo responderemos a su solicitud?<\/em><\/strong><\/li>\n<\/ul>\n\n\n\n<p>Responderemos a sus peticiones a la mayor brevedad posible y, en todo caso, en el plazo de un mes desde la recepci\u00f3n de su solicitud. Dicho plazo podr\u00e1 prorrogarse otros dos meses en caso necesario, teniendo en cuenta la complejidad y el n\u00famero de solicitudes. El responsable informar\u00e1 al interesado de la pr\u00f3rroga dentro del primer mes desde la solicitud.<\/p>\n\n\n\n<ul class=\"wp-block-list\">\n<li><strong><em>\u00bfUsted tiene derecho a retirar su consentimiento?<\/em><\/strong><\/li>\n<\/ul>\n\n\n\n<p>El interesado tiene derecho a retirar el consentimiento en cualquier momento, sin que ello afecte a la licitud del tratamiento basado en el consentimiento previo a su retirada.<\/p>\n\n\n\n<ul class=\"wp-block-list\">\n<li><strong><em>\u00bfD\u00f3nde debe dirigirse para el ejercicio sus derechos?<\/em><\/strong><\/li>\n<\/ul>\n\n\n\n<p>Para el ejercicio de los derechos reconocidos, el interesado podr\u00e1 ponerse en contacto a trav\u00e9s de la siguiente direcci\u00f3n de correo electr\u00f3nico: info@clinicaalbia.es o dirigiendo un escrito a <strong>CLINICA CAPILAR ALBIA, S.L.<\/strong>&nbsp; en la Direcci\u00f3n indicada en el apartado primero sobre el Responsable de Tratamiento.<\/p>\n\n\n\n<ul class=\"wp-block-list\">\n<li><strong><em>\u00bfUsted tiene derecho a reclamar?<\/em><\/strong><\/li>\n<\/ul>\n\n\n\n<p>S\u00ed. Usted, especialmente cuando no haya obtenido satisfacci\u00f3n en el ejercicio de sus derechos, tiene derecho a presentar reclamaci\u00f3n ante la autoridad nacional de control, a estos efectos debe dirigirse ante la Agencia Espa\u00f1ola de Protecci\u00f3n de Datos.&nbsp;<a href=\"http:\/\/www.agpd.es\/\">www.agpd.es<\/a>.<\/p>\n\n\n\n<ol class=\"wp-block-list\" start=\"5\">\n<li><strong><u>CATEGOR\u00cdA DE DATOS.<\/u><\/strong><\/li>\n<\/ol>\n\n\n\n<p>\u2013 Las categor\u00edas de datos que se tratan son:<\/p>\n\n\n\n<ul class=\"wp-block-list\">\n<li>Datos de identificaci\u00f3n<\/li>\n\n\n\n<li>C\u00f3digos o claves de identificaci\u00f3n<\/li>\n\n\n\n<li>Direcciones postales o electr\u00f3nicas<\/li>\n\n\n\n<li>Datos de caracter\u00edsticas personales<\/li>\n\n\n\n<li>Datos econ\u00f3micos<\/li>\n<\/ul>\n\n\n\n<p>\u2013 Datos Especialmente Protegidos: Datos de Salud.<\/p>\n","protected":false},"excerpt":{"rendered":"<p>Pol\u00edtica de Privacidad CLINICA CAPILAR ALBIA, S.L.&nbsp;&nbsp;se encuentra profundamente comprometido con el cumplimiento de la Legislaci\u00f3n Espa\u00f1ola y Europea aplicable a la protecci\u00f3n de datos de car\u00e1cter personal, y garantiza el cumplimiento \u00edntegro de las obligaciones dispuestas, as\u00ed como la implementaci\u00f3n de las medidas de seguridad dispuestas en la Ley 3\/2018, de Protecci\u00f3n de Datos [&hellip;]<\/p>\n","protected":false},"author":1,"featured_media":0,"parent":0,"menu_order":0,"comment_status":"closed","ping_status":"closed","template":"","meta":{"footnotes":""},"class_list":["post-96","page","type-page","status-publish","hentry"],"yoast_head":"<!-- This site is optimized with the Yoast SEO plugin v27.3 - https:\/\/yoast.com\/product\/yoast-seo-wordpress\/ -->\n<title>Pol\u00edtica de Privacidad<\/title>\n<meta name=\"description\" content=\"Pol\u00edtica de Privacidad CLINICA CAPILAR ALBIA, S.L.&nbsp;&nbsp;se encuentra profundamente comprometido con el cumplimiento de la Legislaci\u00f3n Espa\u00f1ola y Europea aplicable a la protecci\u00f3n de datos de car\u00e1cter personal, y garantiza el cumplimiento \u00edntegro de las obligaciones dispuestas, as\u00ed como la implementaci\u00f3n de las medidas de seguridad dispuestas en la Ley 3\/2018, de Protecci\u00f3n de Datos&hellip;\" \/>\n<meta name=\"robots\" content=\"index, follow, max-snippet:-1, max-image-preview:large, max-video-preview:-1\" \/>\n<link rel=\"canonical\" href=\"http:\/\/Pol\u00edtica%20de%20Privacidad%20CLINICA%20CAPILAR%20ALBIA,%20S.L.&nbsp;&nbsp;se%20encuentra%20profundamente%20comprometido%20con%20el%20cumplimiento%20de%20la%20Legislaci\u00f3n%20Espa\u00f1ola%20y%20Europea%20aplicable%20a%20la%20protecci\u00f3n%20de%20datos%20de%20car\u00e1cter%20personal,%20y%20garantiza%20el%20cumplimiento%20\u00edntegro%20de%20las%20obligaciones%20dispuestas,%20as\u00ed%20como%20la%20implementaci\u00f3n%20de%20las%20medidas%20de%20seguridad%20dispuestas%20en%20la%20Ley%203\/2018,%20de%20Protecci\u00f3n%20de%20Datos&hellip;\" \/>\n<meta property=\"og:locale\" content=\"en_GB\" \/>\n<meta property=\"og:type\" content=\"article\" \/>\n<meta property=\"og:title\" content=\"Pol\u00edtica de Privacidad\" \/>\n<meta property=\"og:description\" content=\"Pol\u00edtica de Privacidad CLINICA CAPILAR ALBIA, S.L.&nbsp;&nbsp;se encuentra profundamente comprometido con el cumplimiento de la Legislaci\u00f3n Espa\u00f1ola y Europea aplicable a la protecci\u00f3n de datos de car\u00e1cter personal, y garantiza el cumplimiento \u00edntegro de las obligaciones dispuestas, as\u00ed como la implementaci\u00f3n de las medidas de seguridad dispuestas en la Ley 3\/2018, de Protecci\u00f3n de Datos&hellip;\" \/>\n<meta property=\"og:url\" content=\"https:\/\/clinicaalbia.es\/en\/politica-privacidad\/\" \/>\n<meta property=\"og:site_name\" content=\"Cl\u00ednica Capilar Albia - Dra. Arrate Lobato &amp; Dra. Andrea Arechalde Palacios\" \/>\n<meta property=\"article:modified_time\" content=\"2024-10-08T17:29:25+00:00\" \/>\n<meta property=\"og:image\" content=\"https:\/\/clinicaalbia.es\/wp-content\/uploads\/2023\/12\/LOGO_COMPLETO_WEB.png\" \/>\n\t<meta property=\"og:image:width\" content=\"1500\" \/>\n\t<meta property=\"og:image:height\" content=\"750\" \/>\n\t<meta property=\"og:image:type\" content=\"image\/png\" \/>\n<meta name=\"twitter:card\" content=\"summary_large_image\" \/>\n<meta name=\"twitter:label1\" content=\"Estimated reading time\" \/>\n\t<meta name=\"twitter:data1\" content=\"6 minutes\" \/>\n<script type=\"application\/ld+json\" class=\"yoast-schema-graph\">{\"@context\":\"https:\\\/\\\/schema.org\",\"@graph\":[{\"@type\":\"WebPage\",\"@id\":\"https:\\\/\\\/clinicaalbia.es\\\/en\\\/politica-privacidad\\\/\",\"url\":\"https:\\\/\\\/clinicaalbia.es\\\/en\\\/politica-privacidad\\\/\",\"name\":\"Pol\u00edtica de Privacidad - Cl\u00ednica Capilar Albia - Dra. Arrate Lobato &amp; Dra. Andrea Arechalde Palacios\",\"isPartOf\":{\"@id\":\"https:\\\/\\\/clinicaalbia.es\\\/#website\"},\"datePublished\":\"2023-12-28T11:56:54+00:00\",\"dateModified\":\"2024-10-08T17:29:25+00:00\",\"breadcrumb\":{\"@id\":\"https:\\\/\\\/clinicaalbia.es\\\/en\\\/politica-privacidad\\\/#breadcrumb\"},\"inLanguage\":\"en-GB\",\"potentialAction\":[{\"@type\":\"ReadAction\",\"target\":[\"https:\\\/\\\/clinicaalbia.es\\\/en\\\/politica-privacidad\\\/\"]}]},{\"@type\":\"BreadcrumbList\",\"@id\":\"https:\\\/\\\/clinicaalbia.es\\\/en\\\/politica-privacidad\\\/#breadcrumb\",\"itemListElement\":[{\"@type\":\"ListItem\",\"position\":1,\"name\":\"Inicio\",\"item\":\"https:\\\/\\\/clinicaalbia.es\\\/\"},{\"@type\":\"ListItem\",\"position\":2,\"name\":\"Pol\u00edtica de Privacidad\"}]},{\"@type\":\"WebSite\",\"@id\":\"https:\\\/\\\/clinicaalbia.es\\\/en\\\/#website\",\"url\":\"https:\\\/\\\/clinicaalbia.es\\\/en\\\/\",\"name\":\"Cl\u00ednica Capilar Albia - Expertos Microinjerto Capilar\",\"description\":\"Cl\u00ednica capilar y de medicina est\u00e9tica\",\"publisher\":{\"@id\":\"https:\\\/\\\/clinicaalbia.es\\\/en\\\/#organization\"},\"alternateName\":\"Cl\u00ednica Albia\",\"potentialAction\":[{\"@type\":\"SearchAction\",\"target\":{\"@type\":\"EntryPoint\",\"urlTemplate\":\"https:\\\/\\\/clinicaalbia.es\\\/en\\\/?s={search_term_string}\"},\"query-input\":{\"@type\":\"PropertyValueSpecification\",\"valueRequired\":true,\"valueName\":\"search_term_string\"}}],\"inLanguage\":\"en-GB\"},{\"@type\":\"Organization\",\"@id\":\"https:\\\/\\\/clinicaalbia.es\\\/en\\\/#organization\",\"name\":\"Cl\u00ednica Capilar Albia S.L.\",\"alternateName\":\"Cl\u00ednica Albia\",\"url\":\"https:\\\/\\\/clinicaalbia.es\\\/en\\\/\",\"logo\":{\"@type\":\"ImageObject\",\"inLanguage\":\"en-GB\",\"@id\":\"https:\\\/\\\/clinicaalbia.es\\\/en\\\/#\\\/schema\\\/logo\\\/image\\\/\",\"url\":\"https:\\\/\\\/clinicaalbia.es\\\/wp-content\\\/uploads\\\/2023\\\/12\\\/LOGO_FAVICON.png\",\"contentUrl\":\"https:\\\/\\\/clinicaalbia.es\\\/wp-content\\\/uploads\\\/2023\\\/12\\\/LOGO_FAVICON.png\",\"width\":512,\"height\":512,\"caption\":\"Cl\u00ednica Capilar Albia S.L.\"},\"image\":{\"@id\":\"https:\\\/\\\/clinicaalbia.es\\\/en\\\/#\\\/schema\\\/logo\\\/image\\\/\"},\"sameAs\":[\"https:\\\/\\\/www.instagram.com\\\/clinicaalbia\\\/\"]}]}<\/script>\n<!-- \/ Yoast SEO plugin. -->","yoast_head_json":{"title":"Pol\u00edtica de Privacidad","description":"Pol\u00edtica de Privacidad CLINICA CAPILAR ALBIA, S.L.&nbsp;&nbsp;se encuentra profundamente comprometido con el cumplimiento de la Legislaci\u00f3n Espa\u00f1ola y Europea aplicable a la protecci\u00f3n de datos de car\u00e1cter personal, y garantiza el cumplimiento \u00edntegro de las obligaciones dispuestas, as\u00ed como la implementaci\u00f3n de las medidas de seguridad dispuestas en la Ley 3\/2018, de Protecci\u00f3n de Datos&hellip;","robots":{"index":"index","follow":"follow","max-snippet":"max-snippet:-1","max-image-preview":"max-image-preview:large","max-video-preview":"max-video-preview:-1"},"canonical":"Pol\u00edtica de Privacidad CLINICA CAPILAR ALBIA, S.L.&nbsp;&nbsp;se encuentra profundamente comprometido con el cumplimiento de la Legislaci\u00f3n Espa\u00f1ola y Europea aplicable a la protecci\u00f3n de datos de car\u00e1cter personal, y garantiza el cumplimiento \u00edntegro de las obligaciones dispuestas, as\u00ed como la implementaci\u00f3n de las medidas de seguridad dispuestas en la Ley 3\/2018, de Protecci\u00f3n de Datos&hellip;","og_locale":"en_GB","og_type":"article","og_title":"Pol\u00edtica de Privacidad","og_description":"Pol\u00edtica de Privacidad CLINICA CAPILAR ALBIA, S.L.&nbsp;&nbsp;se encuentra profundamente comprometido con el cumplimiento de la Legislaci\u00f3n Espa\u00f1ola y Europea aplicable a la protecci\u00f3n de datos de car\u00e1cter personal, y garantiza el cumplimiento \u00edntegro de las obligaciones dispuestas, as\u00ed como la implementaci\u00f3n de las medidas de seguridad dispuestas en la Ley 3\/2018, de Protecci\u00f3n de Datos&hellip;","og_url":"https:\/\/clinicaalbia.es\/en\/politica-privacidad\/","og_site_name":"Cl\u00ednica Capilar Albia - Dra. Arrate Lobato &amp; Dra. Andrea Arechalde Palacios","article_modified_time":"2024-10-08T17:29:25+00:00","og_image":[{"width":1500,"height":750,"url":"https:\/\/clinicaalbia.es\/wp-content\/uploads\/2023\/12\/LOGO_COMPLETO_WEB.png","type":"image\/png"}],"twitter_card":"summary_large_image","twitter_misc":{"Estimated reading time":"6 minutes"},"schema":{"@context":"https:\/\/schema.org","@graph":[{"@type":"WebPage","@id":"https:\/\/clinicaalbia.es\/en\/politica-privacidad\/","url":"https:\/\/clinicaalbia.es\/en\/politica-privacidad\/","name":"Pol\u00edtica de Privacidad - Cl\u00ednica Capilar Albia - Dra. Arrate Lobato &amp; Dra. Andrea Arechalde Palacios","isPartOf":{"@id":"https:\/\/clinicaalbia.es\/#website"},"datePublished":"2023-12-28T11:56:54+00:00","dateModified":"2024-10-08T17:29:25+00:00","breadcrumb":{"@id":"https:\/\/clinicaalbia.es\/en\/politica-privacidad\/#breadcrumb"},"inLanguage":"en-GB","potentialAction":[{"@type":"ReadAction","target":["https:\/\/clinicaalbia.es\/en\/politica-privacidad\/"]}]},{"@type":"BreadcrumbList","@id":"https:\/\/clinicaalbia.es\/en\/politica-privacidad\/#breadcrumb","itemListElement":[{"@type":"ListItem","position":1,"name":"Inicio","item":"https:\/\/clinicaalbia.es\/"},{"@type":"ListItem","position":2,"name":"Pol\u00edtica de Privacidad"}]},{"@type":"WebSite","@id":"https:\/\/clinicaalbia.es\/en\/#website","url":"https:\/\/clinicaalbia.es\/en\/","name":"Cl\u00ednica Capilar Albia - Expertos Microinjerto Capilar","description":"Cl\u00ednica capilar y de medicina est\u00e9tica","publisher":{"@id":"https:\/\/clinicaalbia.es\/en\/#organization"},"alternateName":"Cl\u00ednica Albia","potentialAction":[{"@type":"SearchAction","target":{"@type":"EntryPoint","urlTemplate":"https:\/\/clinicaalbia.es\/en\/?s={search_term_string}"},"query-input":{"@type":"PropertyValueSpecification","valueRequired":true,"valueName":"search_term_string"}}],"inLanguage":"en-GB"},{"@type":"Organization","@id":"https:\/\/clinicaalbia.es\/en\/#organization","name":"Cl\u00ednica Capilar Albia S.L.","alternateName":"Cl\u00ednica Albia","url":"https:\/\/clinicaalbia.es\/en\/","logo":{"@type":"ImageObject","inLanguage":"en-GB","@id":"https:\/\/clinicaalbia.es\/en\/#\/schema\/logo\/image\/","url":"https:\/\/clinicaalbia.es\/wp-content\/uploads\/2023\/12\/LOGO_FAVICON.png","contentUrl":"https:\/\/clinicaalbia.es\/wp-content\/uploads\/2023\/12\/LOGO_FAVICON.png","width":512,"height":512,"caption":"Cl\u00ednica Capilar Albia S.L."},"image":{"@id":"https:\/\/clinicaalbia.es\/en\/#\/schema\/logo\/image\/"},"sameAs":["https:\/\/www.instagram.com\/clinicaalbia\/"]}]}},"_links":{"self":[{"href":"https:\/\/clinicaalbia.es\/en\/wp-json\/wp\/v2\/pages\/96","targetHints":{"allow":["GET"]}}],"collection":[{"href":"https:\/\/clinicaalbia.es\/en\/wp-json\/wp\/v2\/pages"}],"about":[{"href":"https:\/\/clinicaalbia.es\/en\/wp-json\/wp\/v2\/types\/page"}],"author":[{"embeddable":true,"href":"https:\/\/clinicaalbia.es\/en\/wp-json\/wp\/v2\/users\/1"}],"replies":[{"embeddable":true,"href":"https:\/\/clinicaalbia.es\/en\/wp-json\/wp\/v2\/comments?post=96"}],"version-history":[{"count":10,"href":"https:\/\/clinicaalbia.es\/en\/wp-json\/wp\/v2\/pages\/96\/revisions"}],"predecessor-version":[{"id":682,"href":"https:\/\/clinicaalbia.es\/en\/wp-json\/wp\/v2\/pages\/96\/revisions\/682"}],"wp:attachment":[{"href":"https:\/\/clinicaalbia.es\/en\/wp-json\/wp\/v2\/media?parent=96"}],"curies":[{"name":"wp","href":"https:\/\/api.w.org\/{rel}","templated":true}]}}