{"id":484,"date":"2024-06-05T17:34:41","date_gmt":"2024-06-05T17:34:41","guid":{"rendered":"https:\/\/clinicaalbia.es\/?page_id=484"},"modified":"2026-03-25T15:41:40","modified_gmt":"2026-03-25T14:41:40","slug":"mesoterapia","status":"publish","type":"page","link":"https:\/\/clinicaalbia.es\/en\/mesoterapia\/","title":{"rendered":"Mesoterapia"},"content":{"rendered":"<h2 class=\"wp-block-post-title\">Mesoterapia<\/h2>\n\n\n<h3 class=\"wp-block-heading\">Factores de crecimiento<\/h3>\n\n\n\n<div class=\"wp-block-columns is-layout-flex wp-container-core-columns-is-layout-28f84493 wp-block-columns-is-layout-flex\">\n<div class=\"wp-block-column is-layout-flow wp-block-column-is-layout-flow\">\n<figure class=\"wp-block-image size-large\"><img loading=\"lazy\" decoding=\"async\" width=\"768\" height=\"1024\" src=\"https:\/\/clinicaalbia.es\/wp-content\/uploads\/2024\/06\/prp_foto-768x1024.jpg\" alt=\"plasma rico en plaquetas\" class=\"wp-image-500\" srcset=\"https:\/\/clinicaalbia.es\/wp-content\/uploads\/2024\/06\/prp_foto-768x1024.jpg 768w, https:\/\/clinicaalbia.es\/wp-content\/uploads\/2024\/06\/prp_foto-225x300.jpg 225w, https:\/\/clinicaalbia.es\/wp-content\/uploads\/2024\/06\/prp_foto-1152x1536.jpg 1152w, https:\/\/clinicaalbia.es\/wp-content\/uploads\/2024\/06\/prp_foto.jpg 1440w\" sizes=\"auto, (max-width: 768px) 100vw, 768px\" \/><\/figure>\n<\/div>\n\n\n\n<div class=\"wp-block-column is-layout-flow wp-block-column-is-layout-flow\">\n<p>Este tratamiento se basa en la infiltraci\u00f3n de la fracci\u00f3n rica en factores de crecimiento que liberan las plaquetas del propio paciente, as\u00ed como de otros factores de crecimiento s\u00e9ricos a trav\u00e9s de microinyecciones en el cuero cabelludo.<br><\/p>\n<\/div>\n<\/div>\n\n\n\n<h4 class=\"wp-block-heading\">\u00bfC\u00f3mo es el proceso de obtenci\u00f3n?<\/h4>\n\n\n\n<p>Para poder obtenerlo, necesitamos una extracci\u00f3n de sangre del paciente, similar a una anal\u00edtica. Mediante la centrifugaci\u00f3n de la misma durante 10 minutos, conseguimos aislar los factores de crecimiento del resto de componentes sangu\u00edneos. El siguiente paso es infiltrarlo en el cuero cabelludo, mediante microinyecciones.<\/p>\n\n\n\n<h4 class=\"wp-block-heading\">\u00bfC\u00f3mo act\u00faa?<\/h4>\n\n\n\n<p>Con este tratamiento conseguimos favorecer la vascularizaci\u00f3n a nivel del fol\u00edculo piloso, aumentar la densidad, disminuir la descamaci\u00f3n y todo ello potencia la regeneraci\u00f3n tisular.<\/p>\n\n\n\n<h4 class=\"wp-block-heading\">Indicaciones y frecuencia de la terapia<\/h4>\n\n\n\n<p>Lo empleamos en todas nuestras cirug\u00edas capilares de manera intraoperatoria y postoperatoria, gracias a su acci\u00f3n cicatrizante. Adem\u00e1s, tambi\u00e9n es un buen complemento en otras patolog\u00edas como Efluvio Tel\u00f3geno, Alopecia Androg\u00e9nica Masculina y Femenina\u2026<br>Cada paciente recibe un protocolo individualizado, dependiendo de su tipo de patolog\u00eda. Sin embargo, es frecuente realizar un tratamiento m\u00e1s intensivo de manera inicial, con una frecuencia de 2-3 meses y despu\u00e9s plantear sesiones de mantenimiento m\u00e1s espaciadas seg\u00fan la respuesta del paciente al tratamiento.<\/p>\n\n\n\n<h4 class=\"wp-block-heading\">\u00bfTiene efectos adversos?<\/h4>\n\n\n\n<p>Al tratarse de un producto aut\u00f3logo, sin ning\u00fan tipo de manipulaci\u00f3n el riesgo de alergia y\/o rechazo es del 0%.<br>Las microinyecciones si pueden resultar algo molestas durante el procedimiento, pero no causa dolor posterior. Inmediatamente despu\u00e9s a la realizaci\u00f3n del tratamiento puede verse un enrojecimiento del cuero cabelludo. Puede retomarse la actividad diaria normal, una vez finalizada la sesi\u00f3n.<\/p>\n\n\n\n<div style=\"height:15px\" aria-hidden=\"true\" class=\"wp-block-spacer\"><\/div>\n\n\n\n<h3 class=\"wp-block-heading\">Mesoterapia con P\u00e9ptidos Biomim\u00e9ticos<\/h3>\n\n\n\n<div class=\"wp-block-columns is-layout-flex wp-container-core-columns-is-layout-28f84493 wp-block-columns-is-layout-flex\">\n<div class=\"wp-block-column is-layout-flow wp-block-column-is-layout-flow\">\n<p>Soluci\u00f3n a base de p\u00e9ptidos biomim\u00e9ticos innovadores que revitalizan el fol\u00edculo piloso y el cuero cabelludo. Se realiza mediante la t\u00e9cnica de microneedeling con el dispositivo <strong><em>neopenMed<\/em><\/strong>.<\/p>\n<\/div>\n\n\n\n<div class=\"wp-block-column is-layout-flow wp-block-column-is-layout-flow\">\n<figure class=\"wp-block-image size-full\"><img loading=\"lazy\" decoding=\"async\" width=\"646\" height=\"646\" src=\"https:\/\/clinicaalbia.es\/wp-content\/uploads\/2024\/06\/desktop_HCPR.jpg\" alt=\"mesoterapia con p\u00e9ptidos biomim\u00e9ticos\" class=\"wp-image-492\" srcset=\"https:\/\/clinicaalbia.es\/wp-content\/uploads\/2024\/06\/desktop_HCPR.jpg 646w, https:\/\/clinicaalbia.es\/wp-content\/uploads\/2024\/06\/desktop_HCPR-300x300.jpg 300w, https:\/\/clinicaalbia.es\/wp-content\/uploads\/2024\/06\/desktop_HCPR-150x150.jpg 150w\" sizes=\"auto, (max-width: 646px) 100vw, 646px\" \/><\/figure>\n<\/div>\n<\/div>\n\n\n\n<ul class=\"wp-block-list\">\n<li><strong>P\u00e9ptidos biomim\u00e9ticos<\/strong>: Al imitar cient\u00edficamente los factores de crecimiento que se encuentran de forma natural en el cuerpo para producir cabello, podemos estimular los fol\u00edculos inactivos para que comiencen a producir cabello nuevamente.<\/li>\n\n\n\n<li><strong>Vitaminas A,B,C, E<\/strong> Para un pelo m\u00e1s fuerte y sano.<\/li>\n\n\n\n<li><strong>Amino\u00e1cidos<\/strong>: Aumentos de la producci\u00f3n natural de queratina para aumentar el crecimiento del cabello amino\u00e1cidos.<\/li>\n\n\n\n<li><strong>Taurina<\/strong>: Protege las membranas celulares de los factores externos.<\/li>\n\n\n\n<li><strong>Minerales<\/strong>: Ayudan a absorber otros nutrientes.<\/li>\n<\/ul>\n\n\n\n<div style=\"height:15px\" aria-hidden=\"true\" class=\"wp-block-spacer\"><\/div>\n\n\n\n<h3 class=\"wp-block-heading\">Infiltraciones con Antiandrog\u00e9nicos<\/h3>\n\n\n\n<div class=\"wp-block-columns is-layout-flex wp-container-core-columns-is-layout-28f84493 wp-block-columns-is-layout-flex\">\n<div class=\"wp-block-column is-layout-flow wp-block-column-is-layout-flow\">\n<figure class=\"wp-block-image size-large\"><img loading=\"lazy\" decoding=\"async\" width=\"768\" height=\"1024\" src=\"https:\/\/clinicaalbia.es\/wp-content\/uploads\/2024\/06\/infiltracion_foto-768x1024.jpg\" alt=\"Infiltraciones con Antiandrog\u00e9nicos\" class=\"wp-image-498\" srcset=\"https:\/\/clinicaalbia.es\/wp-content\/uploads\/2024\/06\/infiltracion_foto-768x1024.jpg 768w, https:\/\/clinicaalbia.es\/wp-content\/uploads\/2024\/06\/infiltracion_foto-225x300.jpg 225w, https:\/\/clinicaalbia.es\/wp-content\/uploads\/2024\/06\/infiltracion_foto-1152x1536.jpg 1152w, https:\/\/clinicaalbia.es\/wp-content\/uploads\/2024\/06\/infiltracion_foto.jpg 1440w\" sizes=\"auto, (max-width: 768px) 100vw, 768px\" \/><\/figure>\n<\/div>\n\n\n\n<div class=\"wp-block-column is-layout-flow wp-block-column-is-layout-flow\">\n<p>Este tratamiento es v\u00e1lido tanto para hombres como para mujeres.<\/p>\n\n\n\n<p>Mediante microinyecciones a nivel d\u00e9rmico se consigue un efecto local, evitando el paso sist\u00e9mico y disminuyendo as\u00ed los posibles efectos secundarios.<\/p>\n\n\n\n<p>Tras una valoraci\u00f3n en la consulta y seg\u00fan el grado de alopecia se realizar\u00e1 un protocolo personalizado en el que se establecer\u00e1 la periodicidad de las sesiones.<\/p>\n<\/div>\n<\/div>\n\n\n\n<hr class=\"wp-block-separator has-alpha-channel-opacity is-style-dots\" style=\"margin-top:var(--wp--preset--spacing--30);margin-bottom:var(--wp--preset--spacing--30)\"\/>\n\n\n\n<h2 class=\"wp-block-heading has-text-align-center\">Formulario de contacto<\/h2>\n\n\n\n<div class=\"wp-block-contact-form-7-contact-form-selector\">\n<div class=\"wpcf7 no-js\" id=\"wpcf7-f978-o1\" lang=\"es-ES\" dir=\"ltr\" data-wpcf7-id=\"978\">\n<div class=\"screen-reader-response\"><p role=\"status\" aria-live=\"polite\" aria-atomic=\"true\"><\/p> <ul><\/ul><\/div>\n<form action=\"\/en\/wp-json\/wp\/v2\/pages\/484#wpcf7-f978-o1\" method=\"post\" class=\"wpcf7-form init\" aria-label=\"Formulario de contacto\" novalidate=\"novalidate\" data-status=\"init\">\n<fieldset class=\"hidden-fields-container\"><input type=\"hidden\" name=\"_wpcf7\" value=\"978\" \/><input type=\"hidden\" name=\"_wpcf7_version\" value=\"6.1.5\" \/><input type=\"hidden\" name=\"_wpcf7_locale\" value=\"es_ES\" \/><input type=\"hidden\" name=\"_wpcf7_unit_tag\" value=\"wpcf7-f978-o1\" \/><input type=\"hidden\" name=\"_wpcf7_container_post\" value=\"0\" \/><input type=\"hidden\" name=\"_wpcf7_posted_data_hash\" value=\"\" \/><input type=\"hidden\" name=\"_wpcf7cf_hidden_group_fields\" value=\"[]\" \/><input type=\"hidden\" name=\"_wpcf7cf_hidden_groups\" value=\"[]\" \/><input type=\"hidden\" name=\"_wpcf7cf_visible_groups\" value=\"[]\" \/><input type=\"hidden\" name=\"_wpcf7cf_repeaters\" value=\"[]\" \/><input type=\"hidden\" name=\"_wpcf7cf_steps\" value=\"{}\" \/><input type=\"hidden\" name=\"_wpcf7cf_options\" value=\"{&quot;form_id&quot;:978,&quot;conditions&quot;:[{&quot;then_field&quot;:&quot;-1&quot;,&quot;and_rules&quot;:[{&quot;if_field&quot;:&quot;-1&quot;,&quot;operator&quot;:&quot;not empty&quot;,&quot;if_value&quot;:&quot;&quot;}]}],&quot;settings&quot;:{&quot;animation&quot;:&quot;yes&quot;,&quot;animation_intime&quot;:200,&quot;animation_outtime&quot;:200,&quot;conditions_ui&quot;:&quot;normal&quot;,&quot;notice_dismissed&quot;:false,&quot;notice_dismissed_rollback-cf7-6.0.5&quot;:true}}\" \/><input type=\"hidden\" name=\"_wpcf7_recaptcha_response\" value=\"\" \/>\n<\/fieldset>\n<input class=\"wpcf7-form-control wpcf7-hidden\" value=\"general\" type=\"hidden\" name=\"deform\" \/>\n<p><label> Nombre*<br \/>\n<span class=\"wpcf7-form-control-wrap\" data-name=\"nombre\"><input size=\"40\" maxlength=\"400\" class=\"wpcf7-form-control wpcf7-text wpcf7-validates-as-required\" aria-required=\"true\" aria-invalid=\"false\" value=\"\" type=\"text\" name=\"nombre\" \/><\/span> <\/label>\n<\/p>\n<p><label> Apellidos*<br \/>\n<span class=\"wpcf7-form-control-wrap\" data-name=\"apellidos\"><input size=\"40\" maxlength=\"400\" class=\"wpcf7-form-control wpcf7-text wpcf7-validates-as-required\" aria-required=\"true\" aria-invalid=\"false\" value=\"\" type=\"text\" name=\"apellidos\" \/><\/span> <\/label>\n<\/p>\n<p><label> Correo electr\u00f3nico*<br \/>\n<span class=\"wpcf7-form-control-wrap\" data-name=\"email\"><input size=\"40\" maxlength=\"400\" class=\"wpcf7-form-control wpcf7-email wpcf7-validates-as-required wpcf7-text wpcf7-validates-as-email\" aria-required=\"true\" aria-invalid=\"false\" value=\"\" type=\"email\" name=\"email\" \/><\/span> <\/label>\n<\/p>\n<p><label> Tel\u00e9fono*<br \/>\n<span class=\"wpcf7-form-control-wrap\" data-name=\"telefono\"><input size=\"40\" class=\"wpcf7-form-control wpcf7-phonetext wpcf7-validates-as-required wpcf7-text wpcf7-validates-as-phonetext\" data-numberonly=\"true\" aria-required=\"true\" aria-invalid=\"false\" value=\"\" type=\"text\" name=\"telefono\" \/><input type=\"hidden\" name=\"telefono-country-code\" class=\"wpcf7-phonetext-country-code\" \/><\/span> <\/label>\n<\/p>\n<p><label> Mensaje*<br \/>\n<span class=\"wpcf7-form-control-wrap\" data-name=\"mensaje\"><textarea cols=\"40\" rows=\"10\" maxlength=\"2000\" class=\"wpcf7-form-control wpcf7-textarea wpcf7-validates-as-required\" aria-required=\"true\" aria-invalid=\"false\" name=\"mensaje\"><\/textarea><\/span> <\/label>\n<\/p>\n<p><span class=\"wpcf7-form-control-wrap\" data-name=\"lopd\"><span class=\"wpcf7-form-control wpcf7-acceptance\"><span class=\"wpcf7-list-item\"><label><input type=\"checkbox\" name=\"lopd\" value=\"1\" aria-invalid=\"false\" \/><span class=\"wpcf7-list-item-label\">He le\u00eddo y acepto la <a href=\"\/politica-privacidad\" target=\"_blank\" rel=\"noopener noreferrer\">Pol\u00edtica de Privacidad<\/a>.<\/span><\/label><\/span><\/span><\/span>\n<\/p>\n<ul class=\"privacidad\">\n\t<li>\n\t\t<p>Responsable: CLINICA CAPILAR ALBIA, S.L.\n\t\t<\/p>\n\t<\/li>\n\t<li>\n\t\t<p>Finalidad: Relaci\u00f3n comercial y env\u00edo de comunicaciones sobre nuestros servicios.\n\t\t<\/p>\n\t<\/li>\n\t<li>\n\t\t<p>Almacenamiento: Base de datos alojada en Raiola Networks.\n\t\t<\/p>\n\t<\/li>\n\t<li>\n\t\t<p>Derechos: En cualquier momento puedes limitar, recuperar y borrar tu informaci\u00f3n.\n\t\t<\/p>\n\t<\/li>\n<\/ul>\n<p><input class=\"wpcf7-form-control wpcf7-submit has-spinner\" type=\"submit\" value=\"Enviar\" \/>\n<\/p>\n<input class=\"wpcf7-form-control wpcf7-hidden\" value=\"\" type=\"hidden\" name=\"primera_tipo_trafico\" \/>\n<input class=\"wpcf7-form-control wpcf7-hidden\" value=\"\" type=\"hidden\" name=\"primera_utm_source\" \/>\n<input class=\"wpcf7-form-control wpcf7-hidden\" value=\"\" type=\"hidden\" name=\"primera_utm_medium\" \/>\n<input class=\"wpcf7-form-control wpcf7-hidden\" value=\"\" type=\"hidden\" name=\"primera_utm_campaign\" \/>\n<input class=\"wpcf7-form-control wpcf7-hidden\" value=\"\" type=\"hidden\" name=\"primera_utm_content\" \/>\n<input class=\"wpcf7-form-control wpcf7-hidden\" value=\"\" type=\"hidden\" name=\"primera_keyword\" \/>\n<input class=\"wpcf7-form-control wpcf7-hidden\" value=\"\" type=\"hidden\" name=\"primera_fecha_y_hora\" \/>\n<input class=\"wpcf7-form-control wpcf7-hidden\" value=\"\" type=\"hidden\" name=\"primera_entrance_point\" \/>\n<input class=\"wpcf7-form-control wpcf7-hidden\" value=\"\" type=\"hidden\" name=\"primera_referal_url\" \/>\n<input class=\"wpcf7-form-control wpcf7-hidden\" value=\"\" type=\"hidden\" name=\"actual_url\" \/>\n<input class=\"wpcf7-form-control wpcf7-hidden\" value=\"\" type=\"hidden\" name=\"actual_tipo_trafico\" \/>\n<input class=\"wpcf7-form-control wpcf7-hidden\" value=\"\" type=\"hidden\" name=\"actual_utm_source\" \/>\n<input class=\"wpcf7-form-control wpcf7-hidden\" value=\"\" type=\"hidden\" name=\"actual_utm_medium\" \/>\n<input class=\"wpcf7-form-control wpcf7-hidden\" value=\"\" type=\"hidden\" name=\"actual_utm_campaign\" \/>\n<input class=\"wpcf7-form-control wpcf7-hidden\" value=\"\" type=\"hidden\" name=\"actual_utm_content\" \/>\n<input class=\"wpcf7-form-control wpcf7-hidden\" value=\"\" type=\"hidden\" name=\"actual_keyword\" \/>\n<input class=\"wpcf7-form-control wpcf7-hidden\" value=\"\" type=\"hidden\" name=\"actual_fecha_y_hora\" \/>\n<input class=\"wpcf7-form-control wpcf7-hidden\" value=\"\" type=\"hidden\" name=\"actual_entrance_point\" \/>\n<input class=\"wpcf7-form-control wpcf7-hidden\" value=\"\" type=\"hidden\" name=\"actual_referal_url\" \/>\n<input class=\"wpcf7-form-control wpcf7-hidden\" value=\"\" type=\"hidden\" name=\"sesion_num_paginas_vistas\" \/>\n<input class=\"wpcf7-form-control wpcf7-hidden\" value=\"\" type=\"hidden\" name=\"sesion_veces_visitada_pagina\" \/><div class=\"wpcf7-response-output\" aria-hidden=\"true\"><\/div>\n<\/form>\n<\/div>\n<\/div>\n","protected":false},"excerpt":{"rendered":"<p>Factores de crecimiento Este tratamiento se basa en la infiltraci\u00f3n de la fracci\u00f3n rica en factores de crecimiento que liberan las plaquetas del propio paciente, as\u00ed como de otros factores de crecimiento s\u00e9ricos a trav\u00e9s de microinyecciones en el cuero cabelludo. \u00bfC\u00f3mo es el proceso de obtenci\u00f3n? Para poder obtenerlo, necesitamos una extracci\u00f3n de sangre [&hellip;]<\/p>\n","protected":false},"author":1,"featured_media":498,"parent":0,"menu_order":0,"comment_status":"closed","ping_status":"closed","template":"","meta":{"footnotes":""},"class_list":["post-484","page","type-page","status-publish","has-post-thumbnail","hentry"],"yoast_head":"<!-- This site is optimized with the Yoast SEO plugin v27.3 - https:\/\/yoast.com\/product\/yoast-seo-wordpress\/ -->\n<title>Mesoterapia<\/title>\n<meta name=\"description\" content=\"Factores de crecimiento Este tratamiento se basa en la infiltraci\u00f3n de la fracci\u00f3n rica en factores de crecimiento que liberan las plaquetas del propio paciente, as\u00ed como de otros factores de crecimiento s\u00e9ricos a trav\u00e9s de microinyecciones en el cuero cabelludo. \u00bfC\u00f3mo es el proceso de obtenci\u00f3n? Para poder obtenerlo, necesitamos una extracci\u00f3n de sangre&hellip;\" \/>\n<meta name=\"robots\" content=\"index, follow, max-snippet:-1, max-image-preview:large, max-video-preview:-1\" \/>\n<link rel=\"canonical\" href=\"http:\/\/Factores%20de%20crecimiento%20Este%20tratamiento%20se%20basa%20en%20la%20infiltraci\u00f3n%20de%20la%20fracci\u00f3n%20rica%20en%20factores%20de%20crecimiento%20que%20liberan%20las%20plaquetas%20del%20propio%20paciente,%20as\u00ed%20como%20de%20otros%20factores%20de%20crecimiento%20s\u00e9ricos%20a%20trav\u00e9s%20de%20microinyecciones%20en%20el%20cuero%20cabelludo.%20\u00bfC\u00f3mo%20es%20el%20proceso%20de%20obtenci\u00f3n?%20Para%20poder%20obtenerlo,%20necesitamos%20una%20extracci\u00f3n%20de%20sangre&hellip;\" \/>\n<meta property=\"og:locale\" content=\"en_GB\" \/>\n<meta property=\"og:type\" content=\"article\" \/>\n<meta property=\"og:title\" content=\"Mesoterapia\" \/>\n<meta property=\"og:description\" content=\"Factores de crecimiento Este tratamiento se basa en la infiltraci\u00f3n de la fracci\u00f3n rica en factores de crecimiento que liberan las plaquetas del propio paciente, as\u00ed como de otros factores de crecimiento s\u00e9ricos a trav\u00e9s de microinyecciones en el cuero cabelludo. \u00bfC\u00f3mo es el proceso de obtenci\u00f3n? Para poder obtenerlo, necesitamos una extracci\u00f3n de sangre&hellip;\" \/>\n<meta property=\"og:url\" content=\"https:\/\/clinicaalbia.es\/en\/mesoterapia\/\" \/>\n<meta property=\"og:site_name\" content=\"Cl\u00ednica Capilar Albia - Dra. Arrate Lobato &amp; Dra. Andrea Arechalde Palacios\" \/>\n<meta property=\"article:modified_time\" content=\"2026-03-25T14:41:40+00:00\" \/>\n<meta property=\"og:image\" content=\"https:\/\/clinicaalbia.es\/wp-content\/uploads\/2024\/06\/infiltracion_foto.jpg\" \/>\n\t<meta property=\"og:image:width\" content=\"1440\" \/>\n\t<meta property=\"og:image:height\" content=\"1920\" \/>\n\t<meta property=\"og:image:type\" content=\"image\/jpeg\" \/>\n<meta name=\"twitter:card\" content=\"summary_large_image\" \/>\n<meta name=\"twitter:label1\" content=\"Estimated reading time\" \/>\n\t<meta name=\"twitter:data1\" content=\"3 minutes\" \/>\n<script type=\"application\/ld+json\" class=\"yoast-schema-graph\">{\"@context\":\"https:\\\/\\\/schema.org\",\"@graph\":[{\"@type\":\"WebPage\",\"@id\":\"https:\\\/\\\/clinicaalbia.es\\\/en\\\/mesoterapia\\\/\",\"url\":\"https:\\\/\\\/clinicaalbia.es\\\/en\\\/mesoterapia\\\/\",\"name\":\"Mesoterapia - Cl\u00ednica Capilar Albia - Dra. Arrate Lobato &amp; Dra. Andrea Arechalde Palacios\",\"isPartOf\":{\"@id\":\"https:\\\/\\\/clinicaalbia.es\\\/#website\"},\"primaryImageOfPage\":{\"@id\":\"https:\\\/\\\/clinicaalbia.es\\\/en\\\/mesoterapia\\\/#primaryimage\"},\"image\":{\"@id\":\"https:\\\/\\\/clinicaalbia.es\\\/en\\\/mesoterapia\\\/#primaryimage\"},\"thumbnailUrl\":\"https:\\\/\\\/clinicaalbia.es\\\/wp-content\\\/uploads\\\/2024\\\/06\\\/infiltracion_foto.jpg\",\"datePublished\":\"2024-06-05T17:34:41+00:00\",\"dateModified\":\"2026-03-25T14:41:40+00:00\",\"breadcrumb\":{\"@id\":\"https:\\\/\\\/clinicaalbia.es\\\/en\\\/mesoterapia\\\/#breadcrumb\"},\"inLanguage\":\"en-GB\",\"potentialAction\":[{\"@type\":\"ReadAction\",\"target\":[\"https:\\\/\\\/clinicaalbia.es\\\/en\\\/mesoterapia\\\/\"]}]},{\"@type\":\"ImageObject\",\"inLanguage\":\"en-GB\",\"@id\":\"https:\\\/\\\/clinicaalbia.es\\\/en\\\/mesoterapia\\\/#primaryimage\",\"url\":\"https:\\\/\\\/clinicaalbia.es\\\/wp-content\\\/uploads\\\/2024\\\/06\\\/infiltracion_foto.jpg\",\"contentUrl\":\"https:\\\/\\\/clinicaalbia.es\\\/wp-content\\\/uploads\\\/2024\\\/06\\\/infiltracion_foto.jpg\",\"width\":1440,\"height\":1920,\"caption\":\"Infiltraciones con Antiandrog\u00e9nicos\"},{\"@type\":\"BreadcrumbList\",\"@id\":\"https:\\\/\\\/clinicaalbia.es\\\/en\\\/mesoterapia\\\/#breadcrumb\",\"itemListElement\":[{\"@type\":\"ListItem\",\"position\":1,\"name\":\"Inicio\",\"item\":\"https:\\\/\\\/clinicaalbia.es\\\/\"},{\"@type\":\"ListItem\",\"position\":2,\"name\":\"Mesoterapia\"}]},{\"@type\":\"WebSite\",\"@id\":\"https:\\\/\\\/clinicaalbia.es\\\/en\\\/#website\",\"url\":\"https:\\\/\\\/clinicaalbia.es\\\/en\\\/\",\"name\":\"Cl\u00ednica Capilar Albia - Expertos Microinjerto Capilar\",\"description\":\"Cl\u00ednica capilar y de medicina est\u00e9tica\",\"publisher\":{\"@id\":\"https:\\\/\\\/clinicaalbia.es\\\/en\\\/#organization\"},\"alternateName\":\"Cl\u00ednica Albia\",\"potentialAction\":[{\"@type\":\"SearchAction\",\"target\":{\"@type\":\"EntryPoint\",\"urlTemplate\":\"https:\\\/\\\/clinicaalbia.es\\\/en\\\/?s={search_term_string}\"},\"query-input\":{\"@type\":\"PropertyValueSpecification\",\"valueRequired\":true,\"valueName\":\"search_term_string\"}}],\"inLanguage\":\"en-GB\"},{\"@type\":\"Organization\",\"@id\":\"https:\\\/\\\/clinicaalbia.es\\\/en\\\/#organization\",\"name\":\"Cl\u00ednica Capilar Albia S.L.\",\"alternateName\":\"Cl\u00ednica Albia\",\"url\":\"https:\\\/\\\/clinicaalbia.es\\\/en\\\/\",\"logo\":{\"@type\":\"ImageObject\",\"inLanguage\":\"en-GB\",\"@id\":\"https:\\\/\\\/clinicaalbia.es\\\/en\\\/#\\\/schema\\\/logo\\\/image\\\/\",\"url\":\"https:\\\/\\\/clinicaalbia.es\\\/wp-content\\\/uploads\\\/2023\\\/12\\\/LOGO_FAVICON.png\",\"contentUrl\":\"https:\\\/\\\/clinicaalbia.es\\\/wp-content\\\/uploads\\\/2023\\\/12\\\/LOGO_FAVICON.png\",\"width\":512,\"height\":512,\"caption\":\"Cl\u00ednica Capilar Albia S.L.\"},\"image\":{\"@id\":\"https:\\\/\\\/clinicaalbia.es\\\/en\\\/#\\\/schema\\\/logo\\\/image\\\/\"},\"sameAs\":[\"https:\\\/\\\/www.instagram.com\\\/clinicaalbia\\\/\"]}]}<\/script>\n<!-- \/ Yoast SEO plugin. -->","yoast_head_json":{"title":"Mesoterapia","description":"Factores de crecimiento Este tratamiento se basa en la infiltraci\u00f3n de la fracci\u00f3n rica en factores de crecimiento que liberan las plaquetas del propio paciente, as\u00ed como de otros factores de crecimiento s\u00e9ricos a trav\u00e9s de microinyecciones en el cuero cabelludo. \u00bfC\u00f3mo es el proceso de obtenci\u00f3n? Para poder obtenerlo, necesitamos una extracci\u00f3n de sangre&hellip;","robots":{"index":"index","follow":"follow","max-snippet":"max-snippet:-1","max-image-preview":"max-image-preview:large","max-video-preview":"max-video-preview:-1"},"canonical":"Factores de crecimiento Este tratamiento se basa en la infiltraci\u00f3n de la fracci\u00f3n rica en factores de crecimiento que liberan las plaquetas del propio paciente, as\u00ed como de otros factores de crecimiento s\u00e9ricos a trav\u00e9s de microinyecciones en el cuero cabelludo. \u00bfC\u00f3mo es el proceso de obtenci\u00f3n? Para poder obtenerlo, necesitamos una extracci\u00f3n de sangre&hellip;","og_locale":"en_GB","og_type":"article","og_title":"Mesoterapia","og_description":"Factores de crecimiento Este tratamiento se basa en la infiltraci\u00f3n de la fracci\u00f3n rica en factores de crecimiento que liberan las plaquetas del propio paciente, as\u00ed como de otros factores de crecimiento s\u00e9ricos a trav\u00e9s de microinyecciones en el cuero cabelludo. \u00bfC\u00f3mo es el proceso de obtenci\u00f3n? Para poder obtenerlo, necesitamos una extracci\u00f3n de sangre&hellip;","og_url":"https:\/\/clinicaalbia.es\/en\/mesoterapia\/","og_site_name":"Cl\u00ednica Capilar Albia - Dra. Arrate Lobato &amp; Dra. Andrea Arechalde Palacios","article_modified_time":"2026-03-25T14:41:40+00:00","og_image":[{"width":1440,"height":1920,"url":"https:\/\/clinicaalbia.es\/wp-content\/uploads\/2024\/06\/infiltracion_foto.jpg","type":"image\/jpeg"}],"twitter_card":"summary_large_image","twitter_misc":{"Estimated reading time":"3 minutes"},"schema":{"@context":"https:\/\/schema.org","@graph":[{"@type":"WebPage","@id":"https:\/\/clinicaalbia.es\/en\/mesoterapia\/","url":"https:\/\/clinicaalbia.es\/en\/mesoterapia\/","name":"Mesoterapia - Cl\u00ednica Capilar Albia - Dra. Arrate Lobato &amp; Dra. Andrea Arechalde Palacios","isPartOf":{"@id":"https:\/\/clinicaalbia.es\/#website"},"primaryImageOfPage":{"@id":"https:\/\/clinicaalbia.es\/en\/mesoterapia\/#primaryimage"},"image":{"@id":"https:\/\/clinicaalbia.es\/en\/mesoterapia\/#primaryimage"},"thumbnailUrl":"https:\/\/clinicaalbia.es\/wp-content\/uploads\/2024\/06\/infiltracion_foto.jpg","datePublished":"2024-06-05T17:34:41+00:00","dateModified":"2026-03-25T14:41:40+00:00","breadcrumb":{"@id":"https:\/\/clinicaalbia.es\/en\/mesoterapia\/#breadcrumb"},"inLanguage":"en-GB","potentialAction":[{"@type":"ReadAction","target":["https:\/\/clinicaalbia.es\/en\/mesoterapia\/"]}]},{"@type":"ImageObject","inLanguage":"en-GB","@id":"https:\/\/clinicaalbia.es\/en\/mesoterapia\/#primaryimage","url":"https:\/\/clinicaalbia.es\/wp-content\/uploads\/2024\/06\/infiltracion_foto.jpg","contentUrl":"https:\/\/clinicaalbia.es\/wp-content\/uploads\/2024\/06\/infiltracion_foto.jpg","width":1440,"height":1920,"caption":"Infiltraciones con Antiandrog\u00e9nicos"},{"@type":"BreadcrumbList","@id":"https:\/\/clinicaalbia.es\/en\/mesoterapia\/#breadcrumb","itemListElement":[{"@type":"ListItem","position":1,"name":"Inicio","item":"https:\/\/clinicaalbia.es\/"},{"@type":"ListItem","position":2,"name":"Mesoterapia"}]},{"@type":"WebSite","@id":"https:\/\/clinicaalbia.es\/en\/#website","url":"https:\/\/clinicaalbia.es\/en\/","name":"Cl\u00ednica Capilar Albia - Expertos Microinjerto Capilar","description":"Cl\u00ednica capilar y de medicina est\u00e9tica","publisher":{"@id":"https:\/\/clinicaalbia.es\/en\/#organization"},"alternateName":"Cl\u00ednica Albia","potentialAction":[{"@type":"SearchAction","target":{"@type":"EntryPoint","urlTemplate":"https:\/\/clinicaalbia.es\/en\/?s={search_term_string}"},"query-input":{"@type":"PropertyValueSpecification","valueRequired":true,"valueName":"search_term_string"}}],"inLanguage":"en-GB"},{"@type":"Organization","@id":"https:\/\/clinicaalbia.es\/en\/#organization","name":"Cl\u00ednica Capilar Albia S.L.","alternateName":"Cl\u00ednica Albia","url":"https:\/\/clinicaalbia.es\/en\/","logo":{"@type":"ImageObject","inLanguage":"en-GB","@id":"https:\/\/clinicaalbia.es\/en\/#\/schema\/logo\/image\/","url":"https:\/\/clinicaalbia.es\/wp-content\/uploads\/2023\/12\/LOGO_FAVICON.png","contentUrl":"https:\/\/clinicaalbia.es\/wp-content\/uploads\/2023\/12\/LOGO_FAVICON.png","width":512,"height":512,"caption":"Cl\u00ednica Capilar Albia S.L."},"image":{"@id":"https:\/\/clinicaalbia.es\/en\/#\/schema\/logo\/image\/"},"sameAs":["https:\/\/www.instagram.com\/clinicaalbia\/"]}]}},"_links":{"self":[{"href":"https:\/\/clinicaalbia.es\/en\/wp-json\/wp\/v2\/pages\/484","targetHints":{"allow":["GET"]}}],"collection":[{"href":"https:\/\/clinicaalbia.es\/en\/wp-json\/wp\/v2\/pages"}],"about":[{"href":"https:\/\/clinicaalbia.es\/en\/wp-json\/wp\/v2\/types\/page"}],"author":[{"embeddable":true,"href":"https:\/\/clinicaalbia.es\/en\/wp-json\/wp\/v2\/users\/1"}],"replies":[{"embeddable":true,"href":"https:\/\/clinicaalbia.es\/en\/wp-json\/wp\/v2\/comments?post=484"}],"version-history":[{"count":27,"href":"https:\/\/clinicaalbia.es\/en\/wp-json\/wp\/v2\/pages\/484\/revisions"}],"predecessor-version":[{"id":981,"href":"https:\/\/clinicaalbia.es\/en\/wp-json\/wp\/v2\/pages\/484\/revisions\/981"}],"wp:featuredmedia":[{"embeddable":true,"href":"https:\/\/clinicaalbia.es\/en\/wp-json\/wp\/v2\/media\/498"}],"wp:attachment":[{"href":"https:\/\/clinicaalbia.es\/en\/wp-json\/wp\/v2\/media?parent=484"}],"curies":[{"name":"wp","href":"https:\/\/api.w.org\/{rel}","templated":true}]}}